{"id":52,"date":"2013-02-24T09:08:46","date_gmt":"2013-02-24T09:08:46","guid":{"rendered":"http:\/\/sandra-beranek.com\/cms\/?page_id=52"},"modified":"2017-11-06T08:45:08","modified_gmt":"2017-11-06T08:45:08","slug":"vita","status":"publish","type":"page","link":"http:\/\/sandra-beranek.com\/cms\/vita\/","title":{"rendered":"Vita"},"content":{"rendered":"<p><img loading=\"lazy\" decoding=\"async\" class=\"alignleft wp-image-803\" src=\"http:\/\/sandra-beranek.com\/cms\/wp-content\/uploads\/2017\/11\/sb-new-hp-682x1024.jpeg\" alt=\"\" width=\"310\" height=\"465\" srcset=\"http:\/\/sandra-beranek.com\/cms\/wp-content\/uploads\/2017\/11\/sb-new-hp-682x1024.jpeg 682w, http:\/\/sandra-beranek.com\/cms\/wp-content\/uploads\/2017\/11\/sb-new-hp-200x300.jpeg 200w, http:\/\/sandra-beranek.com\/cms\/wp-content\/uploads\/2017\/11\/sb-new-hp-768x1152.jpeg 768w, http:\/\/sandra-beranek.com\/cms\/wp-content\/uploads\/2017\/11\/sb-new-hp-640x960.jpeg 640w, http:\/\/sandra-beranek.com\/cms\/wp-content\/uploads\/2017\/11\/sb-new-hp.jpeg 853w\" sizes=\"(max-width: 310px) 100vw, 310px\" \/><\/p>\n<p>Das Gesicht hinter und in den Bildern.<\/p>\n<p>Die in Hamburg geborene, aufgewachsene und auf St. Pauli lebende K\u00fcnstlerin Sandra Ber\u00e1nek besch\u00e4ftigt sich in Ihren Arbeiten haupts\u00e4chlich mit Gesichtern und der Aufspaltung von dem einen Ich in ein sich gegen\u00fcberstehendes Du. Die dadurch m\u00f6gliche Kommunikation kombiniert mit farbpsychologischen Deutungsm\u00f6glichkeiten schaffen fr\u00f6hliche und dem Leben zugewandte Sujets.<\/p>\n<p>In Ihren Werken zeigen sich Linie, Farbe und (Zahlen-)Symbolik miteinander kombiniert.<\/p>\n<p>Ausgehend von der Linie erschafft sich das Motiv selbst. Es entsteht spielerisch und leicht durch eigene Begrenzung. Das Thema steht entweder fest oder wird automatisch zum Du des Gegen\u00fcber \u2013 ja vielleicht sogar des Betrachters.<\/p>\n<p>Das Thema Liebe, ausgedr\u00fcckt durch viele Darstellungen des Kusses oder der Zugewandtheit der abgebildeten Gesichter\/Personen erschlie\u00dft sich dem Betrachter zuerst schwierig, aber dann \u2013 wie bei einem Wimmelbild \u2013 entdeckt er schnell Bekanntes und Neues. Daraus kann er selbst Bedeutung f\u00fcr sich ziehen.<\/p>\n<p>Entdecke doch gleich mal die Gesichter in ihrer <a title=\"Galerie\" href=\"http:\/\/sandra-beranek.com\/cms\/galerie\/\">Galerie<\/a>.<br \/>\n<strong><a href=\"http:\/\/sandra-beranek.com\/cms\/kontakt\/\">Bitte verwenden Sie das Kontaktformular, wenn Sie gern eine Auftragsarbeit h\u00e4tten.<\/a><\/strong><\/p>\n","protected":false},"excerpt":{"rendered":"<p>Das Gesicht hinter und in den Bildern. Die in Hamburg geborene, aufgewachsene und auf St. Pauli lebende K\u00fcnstlerin Sandra Ber\u00e1nek besch\u00e4ftigt sich in Ihren Arbeiten haupts\u00e4chlich mit Gesichtern und der Aufspaltung von dem einen Ich in ein sich gegen\u00fcberstehendes Du. Die dadurch m\u00f6gliche Kommunikation kombiniert mit farbpsychologischen Deutungsm\u00f6glichkeiten schaffen fr\u00f6hliche und dem Leben zugewandte Sujets. [&hellip;]<\/p>\n","protected":false},"author":1,"featured_media":0,"parent":0,"menu_order":0,"comment_status":"open","ping_status":"open","template":"","meta":{"footnotes":""},"yoast_head":"<!-- This site is optimized with the Yoast SEO plugin v21.8.1 - https:\/\/yoast.com\/wordpress\/plugins\/seo\/ -->\n<title>Vita - Sandra Ber\u00e1nek<\/title>\n<meta name=\"robots\" content=\"index, follow, max-snippet:-1, max-image-preview:large, max-video-preview:-1\" \/>\n<link rel=\"canonical\" href=\"http:\/\/sandra-beranek.com\/cms\/vita\/\" \/>\n<meta property=\"og:locale\" content=\"de_DE\" \/>\n<meta property=\"og:type\" content=\"article\" \/>\n<meta property=\"og:title\" content=\"Vita - Sandra Ber\u00e1nek\" \/>\n<meta property=\"og:description\" content=\"Das Gesicht hinter und in den Bildern. Die in Hamburg geborene, aufgewachsene und auf St. Pauli lebende K\u00fcnstlerin Sandra Ber\u00e1nek besch\u00e4ftigt sich in Ihren Arbeiten haupts\u00e4chlich mit Gesichtern und der Aufspaltung von dem einen Ich in ein sich gegen\u00fcberstehendes Du. Die dadurch m\u00f6gliche Kommunikation kombiniert mit farbpsychologischen Deutungsm\u00f6glichkeiten schaffen fr\u00f6hliche und dem Leben zugewandte Sujets. [&hellip;]\" \/>\n<meta property=\"og:url\" content=\"http:\/\/sandra-beranek.com\/cms\/vita\/\" \/>\n<meta property=\"og:site_name\" content=\"Sandra Ber\u00e1nek\" \/>\n<meta property=\"article:modified_time\" content=\"2017-11-06T08:45:08+00:00\" \/>\n<meta property=\"og:image\" content=\"http:\/\/sandra-beranek.com\/cms\/wp-content\/uploads\/2017\/11\/sb-new-hp-682x1024.jpeg\" \/>\n<meta name=\"twitter:card\" content=\"summary_large_image\" \/>\n<meta name=\"twitter:label1\" content=\"Gesch\u00e4tzte Lesezeit\" \/>\n\t<meta name=\"twitter:data1\" content=\"1\u00a0Minute\" \/>\n<script type=\"application\/ld+json\" class=\"yoast-schema-graph\">{\"@context\":\"https:\/\/schema.org\",\"@graph\":[{\"@type\":\"WebPage\",\"@id\":\"http:\/\/sandra-beranek.com\/cms\/vita\/\",\"url\":\"http:\/\/sandra-beranek.com\/cms\/vita\/\",\"name\":\"Vita - Sandra Ber\u00e1nek\",\"isPartOf\":{\"@id\":\"http:\/\/sandra-beranek.com\/cms\/#website\"},\"datePublished\":\"2013-02-24T09:08:46+00:00\",\"dateModified\":\"2017-11-06T08:45:08+00:00\",\"breadcrumb\":{\"@id\":\"http:\/\/sandra-beranek.com\/cms\/vita\/#breadcrumb\"},\"inLanguage\":\"de\",\"potentialAction\":[{\"@type\":\"ReadAction\",\"target\":[\"http:\/\/sandra-beranek.com\/cms\/vita\/\"]}]},{\"@type\":\"BreadcrumbList\",\"@id\":\"http:\/\/sandra-beranek.com\/cms\/vita\/#breadcrumb\",\"itemListElement\":[{\"@type\":\"ListItem\",\"position\":1,\"name\":\"Home\",\"item\":\"http:\/\/sandra-beranek.com\/cms\/\"},{\"@type\":\"ListItem\",\"position\":2,\"name\":\"Vita\"}]},{\"@type\":\"WebSite\",\"@id\":\"http:\/\/sandra-beranek.com\/cms\/#website\",\"url\":\"http:\/\/sandra-beranek.com\/cms\/\",\"name\":\"Sandra Ber\u00e1nek\",\"description\":\"\",\"potentialAction\":[{\"@type\":\"SearchAction\",\"target\":{\"@type\":\"EntryPoint\",\"urlTemplate\":\"http:\/\/sandra-beranek.com\/cms\/?s={search_term_string}\"},\"query-input\":\"required name=search_term_string\"}],\"inLanguage\":\"de\"}]}<\/script>\n<!-- \/ Yoast SEO plugin. -->","yoast_head_json":{"title":"Vita - Sandra Ber\u00e1nek","robots":{"index":"index","follow":"follow","max-snippet":"max-snippet:-1","max-image-preview":"max-image-preview:large","max-video-preview":"max-video-preview:-1"},"canonical":"http:\/\/sandra-beranek.com\/cms\/vita\/","og_locale":"de_DE","og_type":"article","og_title":"Vita - Sandra Ber\u00e1nek","og_description":"Das Gesicht hinter und in den Bildern. Die in Hamburg geborene, aufgewachsene und auf St. Pauli lebende K\u00fcnstlerin Sandra Ber\u00e1nek besch\u00e4ftigt sich in Ihren Arbeiten haupts\u00e4chlich mit Gesichtern und der Aufspaltung von dem einen Ich in ein sich gegen\u00fcberstehendes Du. Die dadurch m\u00f6gliche Kommunikation kombiniert mit farbpsychologischen Deutungsm\u00f6glichkeiten schaffen fr\u00f6hliche und dem Leben zugewandte Sujets. [&hellip;]","og_url":"http:\/\/sandra-beranek.com\/cms\/vita\/","og_site_name":"Sandra Ber\u00e1nek","article_modified_time":"2017-11-06T08:45:08+00:00","og_image":[{"url":"http:\/\/sandra-beranek.com\/cms\/wp-content\/uploads\/2017\/11\/sb-new-hp-682x1024.jpeg"}],"twitter_card":"summary_large_image","twitter_misc":{"Gesch\u00e4tzte Lesezeit":"1\u00a0Minute"},"schema":{"@context":"https:\/\/schema.org","@graph":[{"@type":"WebPage","@id":"http:\/\/sandra-beranek.com\/cms\/vita\/","url":"http:\/\/sandra-beranek.com\/cms\/vita\/","name":"Vita - Sandra Ber\u00e1nek","isPartOf":{"@id":"http:\/\/sandra-beranek.com\/cms\/#website"},"datePublished":"2013-02-24T09:08:46+00:00","dateModified":"2017-11-06T08:45:08+00:00","breadcrumb":{"@id":"http:\/\/sandra-beranek.com\/cms\/vita\/#breadcrumb"},"inLanguage":"de","potentialAction":[{"@type":"ReadAction","target":["http:\/\/sandra-beranek.com\/cms\/vita\/"]}]},{"@type":"BreadcrumbList","@id":"http:\/\/sandra-beranek.com\/cms\/vita\/#breadcrumb","itemListElement":[{"@type":"ListItem","position":1,"name":"Home","item":"http:\/\/sandra-beranek.com\/cms\/"},{"@type":"ListItem","position":2,"name":"Vita"}]},{"@type":"WebSite","@id":"http:\/\/sandra-beranek.com\/cms\/#website","url":"http:\/\/sandra-beranek.com\/cms\/","name":"Sandra Ber\u00e1nek","description":"","potentialAction":[{"@type":"SearchAction","target":{"@type":"EntryPoint","urlTemplate":"http:\/\/sandra-beranek.com\/cms\/?s={search_term_string}"},"query-input":"required name=search_term_string"}],"inLanguage":"de"}]}},"_links":{"self":[{"href":"http:\/\/sandra-beranek.com\/cms\/wp-json\/wp\/v2\/pages\/52"}],"collection":[{"href":"http:\/\/sandra-beranek.com\/cms\/wp-json\/wp\/v2\/pages"}],"about":[{"href":"http:\/\/sandra-beranek.com\/cms\/wp-json\/wp\/v2\/types\/page"}],"author":[{"embeddable":true,"href":"http:\/\/sandra-beranek.com\/cms\/wp-json\/wp\/v2\/users\/1"}],"replies":[{"embeddable":true,"href":"http:\/\/sandra-beranek.com\/cms\/wp-json\/wp\/v2\/comments?post=52"}],"version-history":[{"count":103,"href":"http:\/\/sandra-beranek.com\/cms\/wp-json\/wp\/v2\/pages\/52\/revisions"}],"predecessor-version":[{"id":805,"href":"http:\/\/sandra-beranek.com\/cms\/wp-json\/wp\/v2\/pages\/52\/revisions\/805"}],"wp:attachment":[{"href":"http:\/\/sandra-beranek.com\/cms\/wp-json\/wp\/v2\/media?parent=52"}],"curies":[{"name":"wp","href":"https:\/\/api.w.org\/{rel}","templated":true}]}}